{"id":4415,"date":"2025-10-26T09:17:58","date_gmt":"2025-10-26T07:17:58","guid":{"rendered":"https:\/\/redesignwithjulia.com\/?post_type=product&#038;p=4415"},"modified":"2025-10-26T10:23:19","modified_gmt":"2025-10-26T08:23:19","slug":"seashore-sprinter-material-decorativ-mobila-redesign-with-prima-a1","status":"publish","type":"product","link":"https:\/\/redesignwithjulia.com\/ro\/produs\/seashore-sprinter-material-decorativ-mobila-redesign-with-prima-a1\/","title":{"rendered":"Seashore Sprinter \u2013 material decorativ mobil\u0103 Redesign with Prima \u2013 A1"},"content":{"rendered":"<p>\u201eSeashore Sprinter\u201d ofer\u0103 o reprezentare fascinant\u0103 a unui cal alb care alearg\u0103 de-a lungul \u021b\u0103rmului m\u0103rii \u00eentr-o schem\u0103 de culori monocromatic\u0103 de vis, evoc\u00e2nd un sentiment de frumuse\u021be senin\u0103 \u0219i libertate f\u0103r\u0103 limite.<\/p>\n<p>Schema de culori monocromatic\u0103 spore\u0219te caracterul oniric al compozi\u021biei, conferindu-i un sentiment de atemporalitate \u0219i mister.<\/p>\n<p>Materialul A1 Decoupage de la Redesign este incredibil de u\u0219or de utilizat. Pur \u0219i simplu m\u0103sura\u021bi \u0219i t\u0103ia\u021bi cantitatea dorit\u0103,\u00a0 ad\u0103uga\u021bi gelul Decoupage \/ gelul de transfer pe suprafa\u021ba preg\u0103tit\u0103, a\u0219eza\u021bi h\u00e2rtia deasupra \u0219i netezi\u021bi-o cu instrumentul de r\u0103zuit sau cu rola.<\/p>\n<p>Materialul nostru decorativ este creat pentru a fi utilizat pe pere\u021bi, mobilier \u0219i alte obiecte decorative.<\/p>\n<p>Dimensiune: 84,1 x 59,4 cm<\/p>","protected":false},"excerpt":{"rendered":"<p>\u201eSeashore Sprinter\u201d ofer\u0103 o reprezentare fascinant\u0103 a unui cal alb care alearg\u0103 de-a lungul \u021b\u0103rmului m\u0103rii \u00eentr-o schem\u0103 de culori monocromatic\u0103 de vis, evoc\u00e2nd un sentiment de frumuse\u021be senin\u0103 \u0219i libertate f\u0103r\u0103 limite. Schema de culori monocromatic\u0103 spore\u0219te caracterul oniric al compozi\u021biei, conferindu-i un sentiment de atemporalitate \u0219i mister. Materialul A1 Decoupage de la Redesign [&hellip;]<\/p>","protected":false},"featured_media":4422,"comment_status":"open","ping_status":"closed","template":"","meta":{"_et_pb_use_builder":"","_et_pb_old_content":"","_et_gb_content_width":""},"product_cat":[77,66],"product_tag":[],"_links":{"self":[{"href":"https:\/\/redesignwithjulia.com\/ro\/wp-json\/wp\/v2\/product\/4415"}],"collection":[{"href":"https:\/\/redesignwithjulia.com\/ro\/wp-json\/wp\/v2\/product"}],"about":[{"href":"https:\/\/redesignwithjulia.com\/ro\/wp-json\/wp\/v2\/types\/product"}],"replies":[{"embeddable":true,"href":"https:\/\/redesignwithjulia.com\/ro\/wp-json\/wp\/v2\/comments?post=4415"}],"wp:featuredmedia":[{"embeddable":true,"href":"https:\/\/redesignwithjulia.com\/ro\/wp-json\/wp\/v2\/media\/4422"}],"wp:attachment":[{"href":"https:\/\/redesignwithjulia.com\/ro\/wp-json\/wp\/v2\/media?parent=4415"}],"wp:term":[{"taxonomy":"product_cat","embeddable":true,"href":"https:\/\/redesignwithjulia.com\/ro\/wp-json\/wp\/v2\/product_cat?post=4415"},{"taxonomy":"product_tag","embeddable":true,"href":"https:\/\/redesignwithjulia.com\/ro\/wp-json\/wp\/v2\/product_tag?post=4415"}],"curies":[{"name":"wp","href":"https:\/\/api.w.org\/{rel}","templated":true}]}}