{"id":4498,"date":"2025-11-04T12:25:37","date_gmt":"2025-11-04T10:25:37","guid":{"rendered":"https:\/\/redesignwithjulia.com\/?post_type=product&#038;p=4498"},"modified":"2025-11-04T14:21:45","modified_gmt":"2025-11-04T12:21:45","slug":"cutie-depozitare-cu-tema-de-craciun","status":"publish","type":"product","link":"https:\/\/redesignwithjulia.com\/ro\/produs\/cutie-depozitare-cu-tema-de-craciun\/","title":{"rendered":"Cutie depozitare cu capac, cu tem\u0103 de Cr\u0103ciun"},"content":{"rendered":"<p>\u00cen\u0103l\u021bime 14 cm, l\u0103\u021bime 12,5 cm.<\/p>","protected":false},"excerpt":{"rendered":"<p>\u00cen\u0103l\u021bime 14 cm, l\u0103\u021bime 12,5 cm.<\/p>","protected":false},"featured_media":4489,"comment_status":"open","ping_status":"closed","template":"","meta":{"_et_pb_use_builder":"","_et_pb_old_content":"","_et_gb_content_width":""},"product_cat":[80],"product_tag":[],"_links":{"self":[{"href":"https:\/\/redesignwithjulia.com\/ro\/wp-json\/wp\/v2\/product\/4498"}],"collection":[{"href":"https:\/\/redesignwithjulia.com\/ro\/wp-json\/wp\/v2\/product"}],"about":[{"href":"https:\/\/redesignwithjulia.com\/ro\/wp-json\/wp\/v2\/types\/product"}],"replies":[{"embeddable":true,"href":"https:\/\/redesignwithjulia.com\/ro\/wp-json\/wp\/v2\/comments?post=4498"}],"wp:featuredmedia":[{"embeddable":true,"href":"https:\/\/redesignwithjulia.com\/ro\/wp-json\/wp\/v2\/media\/4489"}],"wp:attachment":[{"href":"https:\/\/redesignwithjulia.com\/ro\/wp-json\/wp\/v2\/media?parent=4498"}],"wp:term":[{"taxonomy":"product_cat","embeddable":true,"href":"https:\/\/redesignwithjulia.com\/ro\/wp-json\/wp\/v2\/product_cat?post=4498"},{"taxonomy":"product_tag","embeddable":true,"href":"https:\/\/redesignwithjulia.com\/ro\/wp-json\/wp\/v2\/product_tag?post=4498"}],"curies":[{"name":"wp","href":"https:\/\/api.w.org\/{rel}","templated":true}]}}