{"id":4509,"date":"2025-11-04T12:51:56","date_gmt":"2025-11-04T10:51:56","guid":{"rendered":"https:\/\/redesignwithjulia.com\/?post_type=product&#038;p=4509"},"modified":"2025-11-04T14:22:52","modified_gmt":"2025-11-04T12:22:52","slug":"ghiveci-ceramica-decorat-cu-transfer-redesign-with-prima-4","status":"publish","type":"product","link":"https:\/\/redesignwithjulia.com\/ro\/produs\/ghiveci-ceramica-decorat-cu-transfer-redesign-with-prima-4\/","title":{"rendered":"Ghiveci ceramic\u0103 decorat cu transfer Redesign with Prima"},"content":{"rendered":"<p>Diametru 13 cm. \u00cen\u0103l\u021bime 12 cm.<\/p>","protected":false},"excerpt":{"rendered":"<p>Diametru 13 cm. \u00cen\u0103l\u021bime 12 cm.<\/p>","protected":false},"featured_media":4510,"comment_status":"open","ping_status":"closed","template":"","meta":{"_et_pb_use_builder":"","_et_pb_old_content":"","_et_gb_content_width":""},"product_cat":[80],"product_tag":[],"_links":{"self":[{"href":"https:\/\/redesignwithjulia.com\/ro\/wp-json\/wp\/v2\/product\/4509"}],"collection":[{"href":"https:\/\/redesignwithjulia.com\/ro\/wp-json\/wp\/v2\/product"}],"about":[{"href":"https:\/\/redesignwithjulia.com\/ro\/wp-json\/wp\/v2\/types\/product"}],"replies":[{"embeddable":true,"href":"https:\/\/redesignwithjulia.com\/ro\/wp-json\/wp\/v2\/comments?post=4509"}],"wp:featuredmedia":[{"embeddable":true,"href":"https:\/\/redesignwithjulia.com\/ro\/wp-json\/wp\/v2\/media\/4510"}],"wp:attachment":[{"href":"https:\/\/redesignwithjulia.com\/ro\/wp-json\/wp\/v2\/media?parent=4509"}],"wp:term":[{"taxonomy":"product_cat","embeddable":true,"href":"https:\/\/redesignwithjulia.com\/ro\/wp-json\/wp\/v2\/product_cat?post=4509"},{"taxonomy":"product_tag","embeddable":true,"href":"https:\/\/redesignwithjulia.com\/ro\/wp-json\/wp\/v2\/product_tag?post=4509"}],"curies":[{"name":"wp","href":"https:\/\/api.w.org\/{rel}","templated":true}]}}