{"id":4538,"date":"2025-11-04T14:15:13","date_gmt":"2025-11-04T12:15:13","guid":{"rendered":"https:\/\/redesignwithjulia.com\/?post_type=product&#038;p=4538"},"modified":"2025-11-04T20:17:46","modified_gmt":"2025-11-04T18:17:46","slug":"4538","status":"publish","type":"product","link":"https:\/\/redesignwithjulia.com\/ro\/produs\/4538\/","title":{"rendered":"Ghiveci sticl\u0103 decorat cu transfer cu flori albastre de la Redesign with Prima"},"content":{"rendered":"<p>Diametru 7 cm. \u00cen\u0103l\u021bime 7,5 cm.<\/p>","protected":false},"excerpt":{"rendered":"<p>Diametru 7 cm. \u00cen\u0103l\u021bime 7,5 cm.<\/p>","protected":false},"featured_media":4539,"comment_status":"open","ping_status":"closed","template":"","meta":{"_et_pb_use_builder":"","_et_pb_old_content":"","_et_gb_content_width":""},"product_cat":[80],"product_tag":[],"_links":{"self":[{"href":"https:\/\/redesignwithjulia.com\/ro\/wp-json\/wp\/v2\/product\/4538"}],"collection":[{"href":"https:\/\/redesignwithjulia.com\/ro\/wp-json\/wp\/v2\/product"}],"about":[{"href":"https:\/\/redesignwithjulia.com\/ro\/wp-json\/wp\/v2\/types\/product"}],"replies":[{"embeddable":true,"href":"https:\/\/redesignwithjulia.com\/ro\/wp-json\/wp\/v2\/comments?post=4538"}],"wp:featuredmedia":[{"embeddable":true,"href":"https:\/\/redesignwithjulia.com\/ro\/wp-json\/wp\/v2\/media\/4539"}],"wp:attachment":[{"href":"https:\/\/redesignwithjulia.com\/ro\/wp-json\/wp\/v2\/media?parent=4538"}],"wp:term":[{"taxonomy":"product_cat","embeddable":true,"href":"https:\/\/redesignwithjulia.com\/ro\/wp-json\/wp\/v2\/product_cat?post=4538"},{"taxonomy":"product_tag","embeddable":true,"href":"https:\/\/redesignwithjulia.com\/ro\/wp-json\/wp\/v2\/product_tag?post=4538"}],"curies":[{"name":"wp","href":"https:\/\/api.w.org\/{rel}","templated":true}]}}