{"id":4583,"date":"2025-11-05T00:04:06","date_gmt":"2025-11-04T22:04:06","guid":{"rendered":"https:\/\/redesignwithjulia.com\/?post_type=product&#038;p=4583"},"modified":"2025-11-05T08:53:52","modified_gmt":"2025-11-05T06:53:52","slug":"tava-lemn","status":"publish","type":"product","link":"https:\/\/redesignwithjulia.com\/ro\/produs\/tava-lemn\/","title":{"rendered":"Tav\u0103 lemn"},"content":{"rendered":"<p>Dimensiune exterioar\u0103 18 x 18 cm.<\/p>\n<p>Material &#8211; lemn reciclat<\/p>\n<p>Decorat\u0103 cu transfer de toamn\u0103 de la Redesign with Prima<\/p>","protected":false},"excerpt":{"rendered":"<p>Dimensiune exterioar\u0103 18 x 18 cm. Material &#8211; lemn reciclat Decorat\u0103 cu transfer de toamn\u0103 de la Redesign with Prima<\/p>","protected":false},"featured_media":4585,"comment_status":"open","ping_status":"closed","template":"","meta":{"_et_pb_use_builder":"","_et_pb_old_content":"","_et_gb_content_width":""},"product_cat":[80],"product_tag":[],"_links":{"self":[{"href":"https:\/\/redesignwithjulia.com\/ro\/wp-json\/wp\/v2\/product\/4583"}],"collection":[{"href":"https:\/\/redesignwithjulia.com\/ro\/wp-json\/wp\/v2\/product"}],"about":[{"href":"https:\/\/redesignwithjulia.com\/ro\/wp-json\/wp\/v2\/types\/product"}],"replies":[{"embeddable":true,"href":"https:\/\/redesignwithjulia.com\/ro\/wp-json\/wp\/v2\/comments?post=4583"}],"wp:featuredmedia":[{"embeddable":true,"href":"https:\/\/redesignwithjulia.com\/ro\/wp-json\/wp\/v2\/media\/4585"}],"wp:attachment":[{"href":"https:\/\/redesignwithjulia.com\/ro\/wp-json\/wp\/v2\/media?parent=4583"}],"wp:term":[{"taxonomy":"product_cat","embeddable":true,"href":"https:\/\/redesignwithjulia.com\/ro\/wp-json\/wp\/v2\/product_cat?post=4583"},{"taxonomy":"product_tag","embeddable":true,"href":"https:\/\/redesignwithjulia.com\/ro\/wp-json\/wp\/v2\/product_tag?post=4583"}],"curies":[{"name":"wp","href":"https:\/\/api.w.org\/{rel}","templated":true}]}}