{"id":4625,"date":"2025-11-11T10:28:53","date_gmt":"2025-11-11T08:28:53","guid":{"rendered":"https:\/\/redesignwithjulia.com\/?post_type=product&#038;p=4625"},"modified":"2025-11-11T17:44:32","modified_gmt":"2025-11-11T15:44:32","slug":"the-painted-legacy-transfer-decorativ-mediu-redesign-with-prima","status":"publish","type":"product","link":"https:\/\/redesignwithjulia.com\/ro\/produs\/the-painted-legacy-transfer-decorativ-mediu-redesign-with-prima\/","title":{"rendered":"The Painted Legacy -Transfer Decorativ Mediu Redesign with Prima"},"content":{"rendered":"<p>Descoper\u0103 frumuse\u021bea istoriei artei cu The Painted Legacy.<\/p>\n<p>Aceast\u0103 foaie A4 include reproduceri de art\u0103 \u0219i motive picturale care confer\u0103 proiectelor un aspect demn de un muzeu. Perfect\u0103 pentru arti\u0219tii care folosesc tehnici mixte, creatorii de jurnale sau oricine iube\u0219te s\u0103 infuzeze decorul cu un fler artistic. Creeaz\u0103 suveniruri elegante, accente pentru mobilier sau piese de perete \u00eenr\u0103mate care celebreaz\u0103 capodopere atemporale.<\/p>\n<p>MOD DE UTILIZARE:<\/p>\n<p>Cu acest transfer, transformarea proiectului dvs. este foarte u\u0219oar\u0103. Alege\u021bi suprafa\u021ba preferat\u0103, fie c\u0103 este vorba de un dulap vechi uitat, un perete simplu sau un obiect decorativ uzat. Desprinde\u021bi, a\u0219eza\u021bi \u0219i freca\u021bi transferul cu instrumentul inclus \u0219i observa\u021bi cum piesa dvs. se transform\u0103 din obi\u0219nuit\u0103 \u00een extraordinar\u0103.<\/p>\n<p>Dimensiune: 21 x 29,7 cm (1 foaie)<\/p>","protected":false},"excerpt":{"rendered":"<p>Descoper\u0103 frumuse\u021bea istoriei artei cu The Painted Legacy. Aceast\u0103 foaie A4 include reproduceri de art\u0103 \u0219i motive picturale care confer\u0103 proiectelor un aspect demn de un muzeu. Perfect\u0103 pentru arti\u0219tii care folosesc tehnici mixte, creatorii de jurnale sau oricine iube\u0219te s\u0103 infuzeze decorul cu un fler artistic. Creeaz\u0103 suveniruri elegante, accente pentru mobilier sau piese [&hellip;]<\/p>","protected":false},"featured_media":4626,"comment_status":"open","ping_status":"closed","template":"","meta":{"_et_pb_use_builder":"","_et_pb_old_content":"","_et_gb_content_width":""},"product_cat":[84,79,68],"product_tag":[],"_links":{"self":[{"href":"https:\/\/redesignwithjulia.com\/ro\/wp-json\/wp\/v2\/product\/4625"}],"collection":[{"href":"https:\/\/redesignwithjulia.com\/ro\/wp-json\/wp\/v2\/product"}],"about":[{"href":"https:\/\/redesignwithjulia.com\/ro\/wp-json\/wp\/v2\/types\/product"}],"replies":[{"embeddable":true,"href":"https:\/\/redesignwithjulia.com\/ro\/wp-json\/wp\/v2\/comments?post=4625"}],"wp:featuredmedia":[{"embeddable":true,"href":"https:\/\/redesignwithjulia.com\/ro\/wp-json\/wp\/v2\/media\/4626"}],"wp:attachment":[{"href":"https:\/\/redesignwithjulia.com\/ro\/wp-json\/wp\/v2\/media?parent=4625"}],"wp:term":[{"taxonomy":"product_cat","embeddable":true,"href":"https:\/\/redesignwithjulia.com\/ro\/wp-json\/wp\/v2\/product_cat?post=4625"},{"taxonomy":"product_tag","embeddable":true,"href":"https:\/\/redesignwithjulia.com\/ro\/wp-json\/wp\/v2\/product_tag?post=4625"}],"curies":[{"name":"wp","href":"https:\/\/api.w.org\/{rel}","templated":true}]}}