{"id":4627,"date":"2025-11-11T11:59:05","date_gmt":"2025-11-11T09:59:05","guid":{"rendered":"https:\/\/redesignwithjulia.com\/?post_type=product&#038;p=4627"},"modified":"2026-03-09T10:39:44","modified_gmt":"2026-03-09T08:39:44","slug":"holy-night-transfer-decorativ-mediu-redesign-with-prima","status":"publish","type":"product","link":"https:\/\/redesignwithjulia.com\/ro\/produs\/holy-night-transfer-decorativ-mediu-redesign-with-prima\/","title":{"rendered":"Holy Night &#8211; Transfer Decorativ Mediu Redesign with Prima"},"content":{"rendered":"<p>S\u0103rb\u0103tori\u021bi frumuse\u021bea sezonului cu Holy Night.<\/p>\n<p>Cu imagini clasice ale Na\u0219terii Domnului, \u00eengeri \u0219i motive vintage de s\u0103rb\u0103tori, aceast\u0103 foaie A4 surprinde adev\u0103ratul spirit al Cr\u0103ciunului. Perfecte pentru felicit\u0103ri, ornamente \u0219i decora\u021biuni festive, aceste ab\u021bibilduri detaliate adaug\u0103 o not\u0103 semnificativ\u0103 proiectelor dvs. de s\u0103rb\u0103tori. O modalitate frumoas\u0103 de a \u00eembina tradi\u021bia cu creativitatea.<\/p>\n<p>MOD DE UTILIZARE:<\/p>\n<p>Cu acest transfer, transformarea proiectului dvs. este foarte u\u0219oar\u0103. Alege\u021bi suprafa\u021ba preferat\u0103, fie c\u0103 este vorba de un dulap vechi uitat, un perete simplu sau un obiect decorativ uzat. Desprinde\u021bi, a\u0219eza\u021bi \u0219i freca\u021bi transferul cu instrumentul inclus \u0219i observa\u021bi cum obiectul dvs. se transform\u0103 din obi\u0219nuit \u00een extraordinar.<\/p>\n<p>Dimensiune: 21 x 29,7 cm (1 foaie)<\/p>\n<p>&nbsp;<\/p>","protected":false},"excerpt":{"rendered":"<p>S\u0103rb\u0103tori\u021bi frumuse\u021bea sezonului cu Holy Night. Cu imagini clasice ale Na\u0219terii Domnului, \u00eengeri \u0219i motive vintage de s\u0103rb\u0103tori, aceast\u0103 foaie A4 surprinde adev\u0103ratul spirit al Cr\u0103ciunului. Perfecte pentru felicit\u0103ri, ornamente \u0219i decora\u021biuni festive, aceste ab\u021bibilduri detaliate adaug\u0103 o not\u0103 semnificativ\u0103 proiectelor dvs. de s\u0103rb\u0103tori. O modalitate frumoas\u0103 de a \u00eembina tradi\u021bia cu creativitatea. MOD DE [&hellip;]<\/p>","protected":false},"featured_media":4628,"comment_status":"open","ping_status":"closed","template":"","meta":{"_et_pb_use_builder":"","_et_pb_old_content":"","_et_gb_content_width":""},"product_cat":[79,68],"product_tag":[],"_links":{"self":[{"href":"https:\/\/redesignwithjulia.com\/ro\/wp-json\/wp\/v2\/product\/4627"}],"collection":[{"href":"https:\/\/redesignwithjulia.com\/ro\/wp-json\/wp\/v2\/product"}],"about":[{"href":"https:\/\/redesignwithjulia.com\/ro\/wp-json\/wp\/v2\/types\/product"}],"replies":[{"embeddable":true,"href":"https:\/\/redesignwithjulia.com\/ro\/wp-json\/wp\/v2\/comments?post=4627"}],"wp:featuredmedia":[{"embeddable":true,"href":"https:\/\/redesignwithjulia.com\/ro\/wp-json\/wp\/v2\/media\/4628"}],"wp:attachment":[{"href":"https:\/\/redesignwithjulia.com\/ro\/wp-json\/wp\/v2\/media?parent=4627"}],"wp:term":[{"taxonomy":"product_cat","embeddable":true,"href":"https:\/\/redesignwithjulia.com\/ro\/wp-json\/wp\/v2\/product_cat?post=4627"},{"taxonomy":"product_tag","embeddable":true,"href":"https:\/\/redesignwithjulia.com\/ro\/wp-json\/wp\/v2\/product_tag?post=4627"}],"curies":[{"name":"wp","href":"https:\/\/api.w.org\/{rel}","templated":true}]}}