{"id":4629,"date":"2025-11-11T12:22:30","date_gmt":"2025-11-11T10:22:30","guid":{"rendered":"https:\/\/redesignwithjulia.com\/?post_type=product&#038;p=4629"},"modified":"2026-03-09T10:44:39","modified_gmt":"2026-03-09T08:44:39","slug":"gilded-elegance-transfer-decorativ-mediu-redesign-with-prima","status":"publish","type":"product","link":"https:\/\/redesignwithjulia.com\/ro\/produs\/gilded-elegance-transfer-decorativ-mediu-redesign-with-prima\/","title":{"rendered":"Gilded Elegance &#8211; Transfer decorativ mediu Redesign with Prima"},"content":{"rendered":"<p>Dac\u0103 ornamentele ar putea str\u0103luci singure, acesta ar fi cazul. Transferul Gilded Elegance A4 este plin de globuri \u00een culori bogate, accente aurii complexe, p\u0103s\u0103ri elegante \u0219i ramuri ve\u0219nic verzi.<\/p>\n<p>Fie c\u0103 decora\u021bi cutii de cadouri de s\u0103rb\u0103tori, u\u0219i de dulapuri sau semne decorative, acest design adaug\u0103 farmecul luxos al s\u0103rb\u0103torilor f\u0103r\u0103 a fi nevoie s\u0103 lua\u021bi pensula \u00een m\u00e2n\u0103.<\/p>\n<p>MOD DE UTILIZARE:<br \/>\nAplica\u021bi transferul Gilded Elegance Middy pe suprafa\u021ba aleas\u0103 \u0219i freca\u021bi u\u0219or pentru a revela ornamentele \u0219i verdea\u021ba detaliate, cu aspect pictat manual. Exclusiv de la Redesign with Prima\u00ae \u2013 unde Cr\u0103ciunul \u00eent\u00e2lne\u0219te str\u0103lucirea atemporal\u0103.<\/p>\n<p>Dimensiune: 21,5 x 27,9 cm (4 foi)<\/p>","protected":false},"excerpt":{"rendered":"<p>Dac\u0103 ornamentele ar putea str\u0103luci singure, acesta ar fi cazul. Transferul Gilded Elegance A4 este plin de globuri \u00een culori bogate, accente aurii complexe, p\u0103s\u0103ri elegante \u0219i ramuri ve\u0219nic verzi. Fie c\u0103 decora\u021bi cutii de cadouri de s\u0103rb\u0103tori, u\u0219i de dulapuri sau semne decorative, acest design adaug\u0103 farmecul luxos al s\u0103rb\u0103torilor f\u0103r\u0103 a fi nevoie [&hellip;]<\/p>","protected":false},"featured_media":4630,"comment_status":"open","ping_status":"closed","template":"","meta":{"_et_pb_use_builder":"","_et_pb_old_content":"","_et_gb_content_width":""},"product_cat":[79,68],"product_tag":[],"_links":{"self":[{"href":"https:\/\/redesignwithjulia.com\/ro\/wp-json\/wp\/v2\/product\/4629"}],"collection":[{"href":"https:\/\/redesignwithjulia.com\/ro\/wp-json\/wp\/v2\/product"}],"about":[{"href":"https:\/\/redesignwithjulia.com\/ro\/wp-json\/wp\/v2\/types\/product"}],"replies":[{"embeddable":true,"href":"https:\/\/redesignwithjulia.com\/ro\/wp-json\/wp\/v2\/comments?post=4629"}],"wp:featuredmedia":[{"embeddable":true,"href":"https:\/\/redesignwithjulia.com\/ro\/wp-json\/wp\/v2\/media\/4630"}],"wp:attachment":[{"href":"https:\/\/redesignwithjulia.com\/ro\/wp-json\/wp\/v2\/media?parent=4629"}],"wp:term":[{"taxonomy":"product_cat","embeddable":true,"href":"https:\/\/redesignwithjulia.com\/ro\/wp-json\/wp\/v2\/product_cat?post=4629"},{"taxonomy":"product_tag","embeddable":true,"href":"https:\/\/redesignwithjulia.com\/ro\/wp-json\/wp\/v2\/product_tag?post=4629"}],"curies":[{"name":"wp","href":"https:\/\/api.w.org\/{rel}","templated":true}]}}