{"id":5078,"date":"2026-03-26T09:03:43","date_gmt":"2026-03-26T07:03:43","guid":{"rendered":"https:\/\/redesignwithjulia.com\/?post_type=product&#038;p=5078"},"modified":"2026-03-26T09:20:08","modified_gmt":"2026-03-26T07:20:08","slug":"tava-decorativa-handmade","status":"publish","type":"product","link":"https:\/\/redesignwithjulia.com\/ro\/produs\/tava-decorativa-handmade\/","title":{"rendered":"Tav\u0103 decorativ\u0103 handmade"},"content":{"rendered":"<p>Tav\u0103 decorat\u0103 cu transferul Floral Polish de la Redesign with Prima. Unicat.<\/p>\n<p>Dimensiune: 41&#215;30 cm<\/p>","protected":false},"excerpt":{"rendered":"<p>Tav\u0103 decorat\u0103 cu transferul Floral Polish de la Redesign with Prima. Unicat. Dimensiune: 41&#215;30 cm<\/p>","protected":false},"featured_media":5079,"comment_status":"open","ping_status":"closed","template":"","meta":{"_et_pb_use_builder":"","_et_pb_old_content":"","_et_gb_content_width":""},"product_cat":[80],"product_tag":[],"_links":{"self":[{"href":"https:\/\/redesignwithjulia.com\/ro\/wp-json\/wp\/v2\/product\/5078"}],"collection":[{"href":"https:\/\/redesignwithjulia.com\/ro\/wp-json\/wp\/v2\/product"}],"about":[{"href":"https:\/\/redesignwithjulia.com\/ro\/wp-json\/wp\/v2\/types\/product"}],"replies":[{"embeddable":true,"href":"https:\/\/redesignwithjulia.com\/ro\/wp-json\/wp\/v2\/comments?post=5078"}],"wp:featuredmedia":[{"embeddable":true,"href":"https:\/\/redesignwithjulia.com\/ro\/wp-json\/wp\/v2\/media\/5079"}],"wp:attachment":[{"href":"https:\/\/redesignwithjulia.com\/ro\/wp-json\/wp\/v2\/media?parent=5078"}],"wp:term":[{"taxonomy":"product_cat","embeddable":true,"href":"https:\/\/redesignwithjulia.com\/ro\/wp-json\/wp\/v2\/product_cat?post=5078"},{"taxonomy":"product_tag","embeddable":true,"href":"https:\/\/redesignwithjulia.com\/ro\/wp-json\/wp\/v2\/product_tag?post=5078"}],"curies":[{"name":"wp","href":"https:\/\/api.w.org\/{rel}","templated":true}]}}